{"id":496,"date":"2026-01-22T12:21:05","date_gmt":"2026-01-22T12:21:05","guid":{"rendered":"https:\/\/stage.dinhjalp.fi\/?page_id=496"},"modified":"2026-02-22T17:18:58","modified_gmt":"2026-02-22T17:18:58","slug":"evastekaytanto","status":"publish","type":"page","link":"https:\/\/stage.dinhjalp.fi\/fi\/evastekaytanto\/","title":{"rendered":"Ev\u00e4stek\u00e4yt\u00e4nt\u00f6"},"content":{"rendered":"\t\t<div data-elementor-type=\"wp-page\" data-elementor-id=\"496\" class=\"elementor elementor-496 elementor-324\" data-elementor-post-type=\"page\">\n\t\t\t\t<div class=\"elementor-element elementor-element-2e8302a e-flex e-con-boxed e-con e-parent\" data-id=\"2e8302a\" data-element_type=\"container\" data-e-type=\"container\">\n\t\t\t\t\t<div class=\"e-con-inner\">\n\t\t\t\t<div class=\"elementor-element elementor-element-9c50cae elementor-widget elementor-widget-heading\" data-id=\"9c50cae\" data-element_type=\"widget\" data-e-type=\"widget\" data-widget_type=\"heading.default\">\n\t\t\t\t\t<h2 class=\"elementor-heading-title elementor-size-default\">Ev\u00e4stek\u00e4yt\u00e4nt\u00f6<\/h2>\t\t\t\t<\/div>\n\t\t\t\t<div class=\"elementor-element elementor-element-7883739 elementor-widget elementor-widget-text-editor\" data-id=\"7883739\" data-element_type=\"widget\" data-e-type=\"widget\" data-widget_type=\"text-editor.default\">\n\t\t\t\t\t\t\t\t\t<div class=\"content\"><article class=\"container-full\"><div class=\"w-full\"><div class=\"content\"><div class=\"container mx-auto px-4 mb-10 flex flex-col items-center\"><div class=\"text-base text-body prose\"><h3>Mit\u00e4 ovat ev\u00e4steet<\/h3><p>Ev\u00e4ste on tekstitiedosto, joka l\u00e4hetet\u00e4\u00e4n verkkoselaimen ja verkkopalvelimen v\u00e4lill\u00e4. Tiedostoon tallennetaan pieni m\u00e4\u00e4r\u00e4 tietoa siit\u00e4, mit\u00e4 teet sivustolla. Kun seuraavan kerran vierailet sivustolla, verkkoselain muistaa mit\u00e4 viime kerralla teit sivustolla. Ev\u00e4steet eiv\u00e4t ole haitallisia tietokoneellesi. Tiedostot ovat pienet ja rajalliset, koskien kuinka paljon tietoa saa tallentaa, joten ev\u00e4steet eiv\u00e4t vaikuta tietokoneen muistiin merkitt\u00e4v\u00e4sti.     <\/p><h3>Miksi ev\u00e4steit\u00e4 k\u00e4ytet\u00e4\u00e4n<\/h3><p>Sinun Apusi k\u00e4ytt\u00e4\u00e4 ev\u00e4steit\u00e4 voidakseen tarjota paremman k\u00e4ytt\u00e4j\u00e4kokemuksen tunnistamalla vierailijat ja analysoimalla verkkosivuston liikennett\u00e4. Ev\u00e4steemme eiv\u00e4t tallenna henkil\u00f6kohtaisesti tunnistettavaa tietoa vierailijasta, kuten esimerkiksi nimi tai s\u00e4hk\u00f6posti.   <\/p><h3>Miten voit hallita ev\u00e4steiden k\u00e4ytt\u00f6\u00e4<\/h3><p>Ev\u00e4steit\u00e4 voit hallita verkkoselaimen asetusten kautta. Ev\u00e4steiden poiskytkemist\u00e4 ei suositella, koska sivuston k\u00e4ytt\u00e4j\u00e4kokemus huononee ja sis\u00e4ll\u00f6n n\u00e4ytt\u00f6 voi esty\u00e4. Mik\u00e4li haluat poistaa tietokoneeseesi tallennetut ev\u00e4steet, voit menn\u00e4 tietokoneesi selaimeen ja asetuksissa poistaa ev\u00e4steit\u00e4. Mik\u00e4li poistat ev\u00e4steet, vierailemasi sivustot eiv\u00e4t muista aikaisempia asetuksia ja sis\u00e4lt\u00f6\u00e4 ei mukauteta sinua varten.   <\/p><p> <\/p><p><em>Ev\u00e4stek\u00e4yt\u00e4nt\u00f6 p\u00e4ivitettiin 11.01.2024<\/em><\/p><\/div><\/div><\/div><\/div><\/article><\/div>\t\t\t\t\t\t\t\t<\/div>\n\t\t\t\t\t<\/div>\n\t\t\t\t<\/div>\n\t\t\t\t<\/div>\n\t\t","protected":false},"excerpt":{"rendered":"<p>Ev\u00e4stek\u00e4yt\u00e4nt\u00f6 Mit\u00e4 ovat ev\u00e4steet Ev\u00e4ste on tekstitiedosto, joka l\u00e4hetet\u00e4\u00e4n verkkoselaimen ja verkkopalvelimen v\u00e4lill\u00e4. Tiedostoon tallennetaan pieni m\u00e4\u00e4r\u00e4 tietoa siit\u00e4, mit\u00e4 teet sivustolla. Kun seuraavan kerran vierailet sivustolla, verkkoselain muistaa mit\u00e4 viime kerralla teit sivustolla. Ev\u00e4steet eiv\u00e4t ole haitallisia tietokoneellesi. Tiedostot ovat pienet ja rajalliset, koskien kuinka paljon tietoa saa tallentaa, joten ev\u00e4steet eiv\u00e4t vaikuta tietokoneen [&hellip;]<\/p>\n","protected":false},"author":1,"featured_media":0,"parent":0,"menu_order":0,"comment_status":"closed","ping_status":"closed","template":"","meta":{"footnotes":""},"class_list":["post-496","page","type-page","status-publish","hentry"],"_links":{"self":[{"href":"https:\/\/stage.dinhjalp.fi\/fi\/wp-json\/wp\/v2\/pages\/496","targetHints":{"allow":["GET"]}}],"collection":[{"href":"https:\/\/stage.dinhjalp.fi\/fi\/wp-json\/wp\/v2\/pages"}],"about":[{"href":"https:\/\/stage.dinhjalp.fi\/fi\/wp-json\/wp\/v2\/types\/page"}],"author":[{"embeddable":true,"href":"https:\/\/stage.dinhjalp.fi\/fi\/wp-json\/wp\/v2\/users\/1"}],"replies":[{"embeddable":true,"href":"https:\/\/stage.dinhjalp.fi\/fi\/wp-json\/wp\/v2\/comments?post=496"}],"version-history":[{"count":1,"href":"https:\/\/stage.dinhjalp.fi\/fi\/wp-json\/wp\/v2\/pages\/496\/revisions"}],"predecessor-version":[{"id":497,"href":"https:\/\/stage.dinhjalp.fi\/fi\/wp-json\/wp\/v2\/pages\/496\/revisions\/497"}],"wp:attachment":[{"href":"https:\/\/stage.dinhjalp.fi\/fi\/wp-json\/wp\/v2\/media?parent=496"}],"curies":[{"name":"wp","href":"https:\/\/api.w.org\/{rel}","templated":true}]}}